{"id":70,"date":"2021-02-03T16:14:45","date_gmt":"2021-02-03T16:14:45","guid":{"rendered":"https:\/\/junas.h2350170.stratoserver.net\/?page_id=70"},"modified":"2021-04-16T08:16:47","modified_gmt":"2021-04-16T07:16:47","slug":"infos-fuer-welpenkaeufer","status":"publish","type":"page","link":"https:\/\/junas.h2350170.stratoserver.net\/index.php\/infos-fuer-welpenkaeufer\/","title":{"rendered":"Infos f\u00fcr Welpenk\u00e4ufer"},"content":{"rendered":"\n<h1>Infos f\u00fcr Welpenk\u00e4ufer<\/h1>\n\n\n\n<p>Hier k\u00f6nnen ein paar Informationen f\u00fcr potentielle Welpenk\u00e4ufer folgen. <\/p>\n","protected":false},"excerpt":{"rendered":"<p>Infos f\u00fcr Welpenk\u00e4ufer Hier k\u00f6nnen ein paar Informationen f\u00fcr potentielle Welpenk\u00e4ufer folgen.<\/p>\n","protected":false},"author":1,"featured_media":0,"parent":0,"menu_order":0,"comment_status":"closed","ping_status":"closed","template":"","meta":[],"_links":{"self":[{"href":"https:\/\/junas.h2350170.stratoserver.net\/index.php\/wp-json\/wp\/v2\/pages\/70"}],"collection":[{"href":"https:\/\/junas.h2350170.stratoserver.net\/index.php\/wp-json\/wp\/v2\/pages"}],"about":[{"href":"https:\/\/junas.h2350170.stratoserver.net\/index.php\/wp-json\/wp\/v2\/types\/page"}],"author":[{"embeddable":true,"href":"https:\/\/junas.h2350170.stratoserver.net\/index.php\/wp-json\/wp\/v2\/users\/1"}],"replies":[{"embeddable":true,"href":"https:\/\/junas.h2350170.stratoserver.net\/index.php\/wp-json\/wp\/v2\/comments?post=70"}],"version-history":[{"count":2,"href":"https:\/\/junas.h2350170.stratoserver.net\/index.php\/wp-json\/wp\/v2\/pages\/70\/revisions"}],"predecessor-version":[{"id":401,"href":"https:\/\/junas.h2350170.stratoserver.net\/index.php\/wp-json\/wp\/v2\/pages\/70\/revisions\/401"}],"wp:attachment":[{"href":"https:\/\/junas.h2350170.stratoserver.net\/index.php\/wp-json\/wp\/v2\/media?parent=70"}],"curies":[{"name":"wp","href":"https:\/\/api.w.org\/{rel}","templated":true}]}}