{"id":66,"date":"2021-02-03T16:12:40","date_gmt":"2021-02-03T16:12:40","guid":{"rendered":"https:\/\/junas.h2350170.stratoserver.net\/?page_id=66"},"modified":"2021-04-16T08:15:16","modified_gmt":"2021-04-16T07:15:16","slug":"rassevorstellung","status":"publish","type":"page","link":"https:\/\/junas.h2350170.stratoserver.net\/index.php\/rassevorstellung\/","title":{"rendered":"Rassevorstellung"},"content":{"rendered":"\n<h1>Rassevorstellung<\/h1>\n\n\n\n<p>Der <strong>Nova Scotia Duck Tolling Retriever<\/strong> (auch kurz <em>Toller <\/em>genannt) ist eine, urspr\u00fcnglich aus Kanada stammende, vom FCI anerkannte Hunderasse. Wie sein Name bereits verr\u00e4t wurde diese Rasse zur Entenjagd gez\u00fcchtet, weshalb der Toller ein begabter Apportierer, sowohl an Land als auch zu Wasser, ist. Er ist durch seine kompakte Statur der kleinste Vertreter der Retriever Rassen.<\/p>\n\n\n\n<p><\/p>\n\n\n\n<figure class=\"wp-block-table is-style-regular\"><table><tbody><tr><td>Ursprung<\/td><td>Kanada<\/td><\/tr><tr><td>Gewicht<\/td><td>R\u00fcde &gt; 18 Monate: 20 bis 23 kg<br>H\u00fcndin &gt; 18 Monate: 17 bis 20 kg<\/td><\/tr><tr><td>Widerristh\u00f6he<\/td><td>R\u00fcde &gt; 18 Monate: 48 bis 51 cm<br>H\u00fcndin &gt; 18 Monate: 45 bis 48 cm<\/td><\/tr><tr><td>FCI<\/td><td>FCI-Gruppe 8, Standardnummer 312<br>Apportierhunde &#8211; St\u00f6berhunde &#8211; Wasserhunde<br>Sektion 1 Apportierhunde. Mit Arbeitspr\u00fcfung.<\/td><\/tr><\/tbody><\/table><\/figure>\n\n\n\n<p><strong>Wesen<\/strong><br>Der Toller ist ein sehr intelligenter, gelehriger und ausdauernder Retriever. Eine Besonderheit ist sein ausgepr\u00e4gter Spieltrieb, mit welchem der Toller am Wasserrand die Neugier der Enten wecken soll. Flinkheit, Wachsamkeit und ein hohes Ma\u00df an Bewegungsfreudigkeit sind ebenso Merkmale, die man ihnen zuschreibt. Durch seine Wachsamkeit ist ein Toller stets darauf bedacht mitzubekommen, wenn es einen neue Aufgabe oder ein Spiel f\u00fcr ihn gibt. Gegen\u00fcber seinen Menschen ist er sehr freundlich und als eher anh\u00e4nglich zu beschreiben.<\/p>\n\n\n\n<p><strong>Verwendung<\/strong><br>Hier ein Text zur Verwendung<\/p>\n\n\n\n<p><strong>Haarkleid<\/strong><br>Das Haarkleid des Tollers ist speziell f\u00fcr den Einsatz in eisigem Wasser konzipiert. Zu diesem Zwecke ist es wasserabweisend und besteht aus mittellangen, weichen Haaren, gefolgt von dichter Unterwolle. Im Grundsatz ist das Haarkleid als glatt zu beschreiben, kann sich jedoch zum R\u00fccken hin leicht wellen. <\/p>\n\n\n\n<p><strong>Geschichte<\/strong><br>Geschichte des Toller.<\/p>\n\n\n\n<p><\/p>\n","protected":false},"excerpt":{"rendered":"<p>Rassevorstellung Der Nova Scotia Duck Tolling Retriever (auch kurz Toller genannt) ist eine, urspr\u00fcnglich aus Kanada stammende, vom FCI anerkannte Hunderasse. Wie sein Name bereits verr\u00e4t wurde diese Rasse zur Entenjagd gez\u00fcchtet, weshalb der Toller ein begabter Apportierer, sowohl an<\/p>\n","protected":false},"author":1,"featured_media":0,"parent":0,"menu_order":0,"comment_status":"closed","ping_status":"closed","template":"","meta":[],"_links":{"self":[{"href":"https:\/\/junas.h2350170.stratoserver.net\/index.php\/wp-json\/wp\/v2\/pages\/66"}],"collection":[{"href":"https:\/\/junas.h2350170.stratoserver.net\/index.php\/wp-json\/wp\/v2\/pages"}],"about":[{"href":"https:\/\/junas.h2350170.stratoserver.net\/index.php\/wp-json\/wp\/v2\/types\/page"}],"author":[{"embeddable":true,"href":"https:\/\/junas.h2350170.stratoserver.net\/index.php\/wp-json\/wp\/v2\/users\/1"}],"replies":[{"embeddable":true,"href":"https:\/\/junas.h2350170.stratoserver.net\/index.php\/wp-json\/wp\/v2\/comments?post=66"}],"version-history":[{"count":4,"href":"https:\/\/junas.h2350170.stratoserver.net\/index.php\/wp-json\/wp\/v2\/pages\/66\/revisions"}],"predecessor-version":[{"id":400,"href":"https:\/\/junas.h2350170.stratoserver.net\/index.php\/wp-json\/wp\/v2\/pages\/66\/revisions\/400"}],"wp:attachment":[{"href":"https:\/\/junas.h2350170.stratoserver.net\/index.php\/wp-json\/wp\/v2\/media?parent=66"}],"curies":[{"name":"wp","href":"https:\/\/api.w.org\/{rel}","templated":true}]}}