{"id":62,"date":"2021-02-03T16:10:00","date_gmt":"2021-02-03T16:10:00","guid":{"rendered":"https:\/\/junas.h2350170.stratoserver.net\/?page_id=62"},"modified":"2021-04-13T18:53:29","modified_gmt":"2021-04-13T17:53:29","slug":"mabel","status":"publish","type":"page","link":"https:\/\/junas.h2350170.stratoserver.net\/index.php\/mabel\/","title":{"rendered":"Ray of Sunshine&#8217;s Magic meets Mabel"},"content":{"rendered":"\n\n\n\n<h1>Ray of Sunshine&#8217;s Magic meets Mabel<\/h1>\n\n\n\n<p>Unsere Mabel ist die erste Retriever-Dame im Rudel. 2013 zog der damals noch kleine, wei\u00dfe Wollkn\u00e4uel bei uns ein und eroberte unsere Herzen im Sturm. Sie ist eher die gem\u00fctliche, denn wenn es nicht unbedingt sein muss kann man ja schlie\u00dflich auch alles in Ruhe machen, eben in Mabel-Geschwindigkeit. Das hei\u00dft nicht, dass sie nicht auch mit auf kleine Radtouren kommt, aber dann eben im gem\u00e4\u00dfigten Tempo, schlie\u00dflich will man ja auch etwas von seiner Umwelt mitbekommen. <br>Im Sommer genie\u00dft sie die k\u00fchlen Wasserb\u00e4der in B\u00e4chen und Seen, da gibt es f\u00fcr sie kaum etwas besseres.<br>Mabel tritt anderen Hunden gegen\u00fcber ruhig und souver\u00e4n auf und l\u00e4sst sich dabei auch so einiges gefallen. Sie ist die perfekte Hunde-Tante f\u00fcr unsere Welpen, wir k\u00f6nnten uns niemand besseren in dieser Rolle vorstellen.<\/p>\n","protected":false},"excerpt":{"rendered":"<p>Ray of Sunshine&#8217;s Magic meets Mabel Unsere Mabel ist die erste Retriever-Dame im Rudel. 2013 zog der damals noch kleine, wei\u00dfe Wollkn\u00e4uel bei uns ein und eroberte unsere Herzen im Sturm. Sie ist eher die gem\u00fctliche, denn wenn es nicht<\/p>\n","protected":false},"author":1,"featured_media":0,"parent":0,"menu_order":0,"comment_status":"closed","ping_status":"closed","template":"","meta":[],"_links":{"self":[{"href":"https:\/\/junas.h2350170.stratoserver.net\/index.php\/wp-json\/wp\/v2\/pages\/62"}],"collection":[{"href":"https:\/\/junas.h2350170.stratoserver.net\/index.php\/wp-json\/wp\/v2\/pages"}],"about":[{"href":"https:\/\/junas.h2350170.stratoserver.net\/index.php\/wp-json\/wp\/v2\/types\/page"}],"author":[{"embeddable":true,"href":"https:\/\/junas.h2350170.stratoserver.net\/index.php\/wp-json\/wp\/v2\/users\/1"}],"replies":[{"embeddable":true,"href":"https:\/\/junas.h2350170.stratoserver.net\/index.php\/wp-json\/wp\/v2\/comments?post=62"}],"version-history":[{"count":10,"href":"https:\/\/junas.h2350170.stratoserver.net\/index.php\/wp-json\/wp\/v2\/pages\/62\/revisions"}],"predecessor-version":[{"id":311,"href":"https:\/\/junas.h2350170.stratoserver.net\/index.php\/wp-json\/wp\/v2\/pages\/62\/revisions\/311"}],"wp:attachment":[{"href":"https:\/\/junas.h2350170.stratoserver.net\/index.php\/wp-json\/wp\/v2\/media?parent=62"}],"curies":[{"name":"wp","href":"https:\/\/api.w.org\/{rel}","templated":true}]}}