{"id":25,"date":"2020-10-09T06:25:54","date_gmt":"2020-10-09T06:25:54","guid":{"rendered":"https:\/\/junas.h2350170.stratoserver.net\/?page_id=25"},"modified":"2021-04-14T16:52:36","modified_gmt":"2021-04-14T15:52:36","slug":"ueber-uns","status":"publish","type":"page","link":"https:\/\/junas.h2350170.stratoserver.net\/index.php\/ueber-uns\/","title":{"rendered":"\u00dcber Uns"},"content":{"rendered":"\n\n\n\n\n<h1>\u00dcber uns<\/h1>\n\n\n\n<p class=\"has-text-align-center has-text-color has-background has-small-font-size\" style=\"background-color:#e9e9e9;color:#960000\"><em>Ohne unsere Retriever geht es nicht &#8211; das Leben mit ihnen zaubert uns jeden Tag aufs neue ein L\u00e4cheln ins Gesicht. Sie sind aus unserem Leben nicht wegzudenken, jeder unserer beiden Hunde mit ihrem ganz eigenen Charakter, sie machen uns ganz, ohne sie w\u00e4hren wir nicht vollst\u00e4ndig.<\/em><\/p>\n\n\n\n<p>Wir, das sind Christine und Marius wohnen mit unserer Tochter und unseren Hunden am wundersch\u00f6nen Stadtrand von L\u00fcneburg umgeben von viel Natur.<br><br>Ich, Christine, bin mit Hunden gro\u00df geworden und mit dem Einzug unserer Goldenretriever H\u00fcndin Schlottes Ajuna (Juna), da war ich 10 Jahre alt, auf den Retriever gekommen. Durch sie ist die Liebe zu den Retrievern ausgebrochen. Den Toller habe ich damals in der DRC-Zeitschrift das erste Mal gesehen. Es sollten jedoch noch Jahre vergehen, bis endlich ein Toller einzog. Ich wurde erwachsen, absolvierte mein Studium und schlie\u00dflich zog Mabel, unsere Golden H\u00fcndin als erster, eigener Hund bei uns ein. <\/p>\n","protected":false},"excerpt":{"rendered":"<p>\u00dcber uns Ohne unsere Retriever geht es nicht &#8211; das Leben mit ihnen zaubert uns jeden Tag aufs neue ein L\u00e4cheln ins Gesicht. Sie sind aus unserem Leben nicht wegzudenken, jeder unserer beiden Hunde mit ihrem ganz eigenen Charakter, sie<\/p>\n","protected":false},"author":1,"featured_media":0,"parent":0,"menu_order":0,"comment_status":"closed","ping_status":"closed","template":"","meta":[],"_links":{"self":[{"href":"https:\/\/junas.h2350170.stratoserver.net\/index.php\/wp-json\/wp\/v2\/pages\/25"}],"collection":[{"href":"https:\/\/junas.h2350170.stratoserver.net\/index.php\/wp-json\/wp\/v2\/pages"}],"about":[{"href":"https:\/\/junas.h2350170.stratoserver.net\/index.php\/wp-json\/wp\/v2\/types\/page"}],"author":[{"embeddable":true,"href":"https:\/\/junas.h2350170.stratoserver.net\/index.php\/wp-json\/wp\/v2\/users\/1"}],"replies":[{"embeddable":true,"href":"https:\/\/junas.h2350170.stratoserver.net\/index.php\/wp-json\/wp\/v2\/comments?post=25"}],"version-history":[{"count":28,"href":"https:\/\/junas.h2350170.stratoserver.net\/index.php\/wp-json\/wp\/v2\/pages\/25\/revisions"}],"predecessor-version":[{"id":386,"href":"https:\/\/junas.h2350170.stratoserver.net\/index.php\/wp-json\/wp\/v2\/pages\/25\/revisions\/386"}],"wp:attachment":[{"href":"https:\/\/junas.h2350170.stratoserver.net\/index.php\/wp-json\/wp\/v2\/media?parent=25"}],"curies":[{"name":"wp","href":"https:\/\/api.w.org\/{rel}","templated":true}]}}