{"id":2,"date":"2020-10-01T14:25:50","date_gmt":"2020-10-01T14:25:50","guid":{"rendered":"https:\/\/junas.h2350170.stratoserver.net\/?page_id=2"},"modified":"2021-12-20T10:43:32","modified_gmt":"2021-12-20T09:43:32","slug":"sample-page","status":"publish","type":"page","link":"https:\/\/junas.h2350170.stratoserver.net\/","title":{"rendered":""},"content":{"rendered":"\n\n\n\n<h1>Herzlich Willkommen!<\/h1>\n\n\n\n<p>Die Junas sind ein deutscher NSDTR (Nova Scotia Duck Tolling Retriever) Kennel im wundersch\u00f6nen L\u00fcneburg. Eine verantwortungsvolle Zucht beginnt f\u00fcr uns bereits mit der sorgf\u00e4ltigen Auswahl eines geeigneten Deckpartners, weiter \u00fcber die liebevolle Aufzucht der Welpen im Haus und endet auch nach \u00dcbergabe an die neuen Besitzer keinesfalls. Wir f\u00fchlen uns ein Hundeleben lang mit ihnen verbunden. Gez\u00fcchtet wird im Deutschen Retriever Club e.V. (DRC).<\/p>\n\n\n\n<p class=\"has-text-align-center\"><strong><span style=\"color:#960000\" class=\"has-inline-color\">Wurfplanung<\/span><\/strong>: Am 30.10.2021 haben wir unsere Momo decken lassen. Die Interessentenliste f\u00fcr den Wurf ist bereits voll!<br><br><a href=\"https:\/\/junas.h2350170.stratoserver.net\/index.php\/animaadoos-arendelles-momo\/\" data-type=\"page\" data-id=\"44\">Erfahre mehr \u00fcber<\/a><br><a href=\"https:\/\/junas.h2350170.stratoserver.net\/index.php\/animaadoos-arendelles-momo\/\" data-type=\"page\" data-id=\"44\">unsere Zuchth\u00fcndin Momo<br><img loading=\"lazy\" width=\"424\" height=\"800\" class=\"wp-image-107\" style=\"width: 150px;\" src=\"https:\/\/junas.h2350170.stratoserver.net\/wp-content\/uploads\/2021\/02\/IMG_3266-Arbeitskopie-2.jpg\" alt=\"\" srcset=\"https:\/\/junas.h2350170.stratoserver.net\/wp-content\/uploads\/2021\/02\/IMG_3266-Arbeitskopie-2.jpg 424w, https:\/\/junas.h2350170.stratoserver.net\/wp-content\/uploads\/2021\/02\/IMG_3266-Arbeitskopie-2-159x300.jpg 159w\" sizes=\"(max-width: 424px) 100vw, 424px\" \/><\/a><\/p>\n\n\n\n<figure class=\"wp-block-image size-large is-resized\"><img loading=\"lazy\" src=\"https:\/\/drc.de\/sites\/all\/themes\/drc\/logo.png\" alt=\"\" width=\"145\" height=\"87\"\/><\/figure>\n\n\n\n<p><\/p>\n","protected":false},"excerpt":{"rendered":"<p>Herzlich Willkommen! Die Junas sind ein deutscher NSDTR (Nova Scotia Duck Tolling Retriever) Kennel im wundersch\u00f6nen L\u00fcneburg. Eine verantwortungsvolle Zucht beginnt f\u00fcr uns bereits mit der sorgf\u00e4ltigen Auswahl eines geeigneten Deckpartners, weiter \u00fcber die liebevolle Aufzucht der Welpen im Haus<\/p>\n","protected":false},"author":1,"featured_media":0,"parent":0,"menu_order":0,"comment_status":"closed","ping_status":"open","template":"","meta":[],"_links":{"self":[{"href":"https:\/\/junas.h2350170.stratoserver.net\/index.php\/wp-json\/wp\/v2\/pages\/2"}],"collection":[{"href":"https:\/\/junas.h2350170.stratoserver.net\/index.php\/wp-json\/wp\/v2\/pages"}],"about":[{"href":"https:\/\/junas.h2350170.stratoserver.net\/index.php\/wp-json\/wp\/v2\/types\/page"}],"author":[{"embeddable":true,"href":"https:\/\/junas.h2350170.stratoserver.net\/index.php\/wp-json\/wp\/v2\/users\/1"}],"replies":[{"embeddable":true,"href":"https:\/\/junas.h2350170.stratoserver.net\/index.php\/wp-json\/wp\/v2\/comments?post=2"}],"version-history":[{"count":21,"href":"https:\/\/junas.h2350170.stratoserver.net\/index.php\/wp-json\/wp\/v2\/pages\/2\/revisions"}],"predecessor-version":[{"id":409,"href":"https:\/\/junas.h2350170.stratoserver.net\/index.php\/wp-json\/wp\/v2\/pages\/2\/revisions\/409"}],"wp:attachment":[{"href":"https:\/\/junas.h2350170.stratoserver.net\/index.php\/wp-json\/wp\/v2\/media?parent=2"}],"curies":[{"name":"wp","href":"https:\/\/api.w.org\/{rel}","templated":true}]}}